{"id":17,"date":"2018-05-21T17:37:00","date_gmt":"2018-05-21T17:37:00","guid":{"rendered":"https:\/\/canaverales.edu.co\/directorio_empresas\/?page_id=17"},"modified":"2019-03-27T20:31:55","modified_gmt":"2019-03-27T20:31:55","slug":"registro","status":"publish","type":"page","link":"https:\/\/www.canaverales.edu.co\/directorio\/registro\/","title":{"rendered":"Registro"},"content":{"rendered":"<p><strong>Registro<\/strong><\/p>\n<p>\t\t\t\t<img loading=\"lazy\" decoding=\"async\" src=\"https:\/\/www.canaverales.edu.co\/directorio\/wp-content\/uploads\/2018\/10\/can\u0303averales-directorio-blabo-adorno-lista.png\" alt=\"can\u0303averales-directorio-blabo-adorno-lista\" itemprop=\"image\" height=\"118\" width=\"1910\" title=\"can\u0303averales-directorio-blabo-adorno-lista\" onerror=\"this.style.display='none'\"  \/><\/p>\n<p>\u00a1Reg\u00edstrate gratis en Sinergy: Directorio Comercial Ca\u00f1averales!<\/p>\n<p>Ingresa los siguientes datos, el equipo de soporte del Colegio se encargar\u00e1 de validar la oferta de servicios conforme los principios y valores del Colegio. Ver T\u00e9rminos y Condiciones.<\/p>\n<p>\t\t\t\t<img loading=\"lazy\" decoding=\"async\" src=\"https:\/\/www.canaverales.edu.co\/directorio\/wp-content\/uploads\/2018\/10\/registro-imagen.jpg\" alt=\"registro-imagen\" itemprop=\"image\" height=\"275\" width=\"531\" title=\"registro-imagen\" onerror=\"this.style.display='none'\"  \/><\/p>\n<p><strong>Paso a Paso<\/strong><\/p>\n<h3>\nDiligencia el formulario de registro.<\/h3>\n<h3>\nAcepta la pol\u00edtica de tratamiento de datos y los t\u00e9rminos y condiciones.<\/h3>\n<h3>\nUna vez llenado el formulario recibir\u00e1s los datos de acceso en tu correo electr\u00f3nico.<\/h3>\n<h3>\nIngresa al Directorio Comercial con tus datos de ingreso.<\/h3>\n        <form enctype=\"multipart\/form-data\" method=\"post\" id=\"wppb-register-user-registro-empresas\" class=\"wppb-user-forms wppb-register-user wppb-user-logged-out\" action=\"https:\/\/www.canaverales.edu.co\/directorio\/wp-json\/wp\/v2\/pages\/17\">\n\t\t\t<div id=\"wppb-msf-tabs\"><input type=\"button\" id=\"wppb-msf-tabs-0\" data-msf-disabled-check=\"no\" data-msf-step=\"0\" class=\"wppb-msf-tabs wppb-msf-active\" value=\"Informaci\u00f3n de la empresa\" ><input type=\"button\" id=\"wppb-msf-tabs-1\" data-msf-disabled-check=\"yes\" data-msf-step=\"1\" class=\"wppb-msf-tabs \" value=\"Informaci\u00f3n de contacto\" disabled><input type=\"button\" id=\"wppb-msf-tabs-2\" data-msf-disabled-check=\"yes\" data-msf-step=\"2\" class=\"wppb-msf-tabs \" value=\"Informaci\u00f3n de la cuenta\" disabled><\/div><div class=\"wppb-msf-spinner-container\"><span class=\"icon-wppb-msf-spinner wppb-msf-spin\"><\/span><\/div><ul><li class=\"wppb-msf-step\"><ul style=\"margin: 0;\"><li class=\"wppb-form-field wppb-heading\" id=\"wppb-form-element-29\"><h4 class=\"extra_field_heading\">Empresa<\/h4><span class=\"wppb-description-delimiter\"><\/span><\/li><li class=\"wppb-form-field wppb-input\" id=\"wppb-form-element-17\">\n\t\t\t\t<label for=\"nombre_empresa\">Nombre de la empresa<span class=\"wppb-required\" title=\"Campo requerido\">*<\/span><\/label>\n\t\t\t\t<input class=\"extra_field_input \" name=\"nombre_empresa\" maxlength=\"250\" type=\"text\" id=\"nombre_empresa\" value=\"\" \/><\/li><li class=\"wppb-form-field wppb-input\" id=\"wppb-form-element-18\">\n\t\t\t\t<label for=\"nit\">NIT<span class=\"wppb-required\" title=\"Campo requerido\">*<\/span><\/label>\n\t\t\t\t<input class=\"extra_field_input \" name=\"nit\" maxlength=\"250\" type=\"text\" id=\"nit\" value=\"\" \/><\/li><li class=\"wppb-form-field wppb-upload\" id=\"wppb-form-element-27\"><label for=\"logo\">Logo<\/label><a href=\"#\" class=\"button wppb_upload_button\" id=\"upload_logo_button\"  data-uploader_title=\"Logo\" data-uploader_button_text=\"Seleccionar archivo\" data-upload_mn=\"logo\" data-upload_input=\"logo\" data-multiple_upload=\"false\">Subir<\/a><input id=\"logo\" type=\"hidden\" size=\"36\" name=\"logo\" value=\"\"\/><\/li><li class=\"wppb-form-field wppb-textarea\" id=\"wppb-form-element-20\">\n\t\t\t\t<label for=\"descripcion_empresa\">Descripci\u00f3n de la empresa<\/label>\n\t\t\t\t<textarea rows=\"6\" name=\"descripcion_empresa\" maxlength=\"900\" class=\"custom_field_textarea \" id=\"descripcion_empresa\" wrap=\"virtual\" ><\/textarea><\/li><li class=\"wppb-form-field wppb-select\" id=\"wppb-form-element-19\">\n\t\t\t\t<label for=\"sector\">Sector de la industria<\/label>\n\t\t\t\t<select name=\"sector\" id=\"sector\" class=\"custom_field_select\" ><option value=\"Salud y Bienestar\" class=\"custom_field_select_option \" >Salud y Bienestar<\/option><option value=\"Educaci\u00f3n y Cultura\" class=\"custom_field_select_option \" >Educaci\u00f3n y Cultura<\/option><option value=\"Hogar\" class=\"custom_field_select_option \" >Hogar<\/option><option value=\"Moda\" class=\"custom_field_select_option \" >Moda<\/option><option value=\"Transporte\" class=\"custom_field_select_option \" >Transporte<\/option><option value=\"Alimentaci\u00f3n\" class=\"custom_field_select_option \" >Alimentaci\u00f3n<\/option><option value=\"Servicios\" class=\"custom_field_select_option \" >Servicios<\/option><option value=\"Industria\" class=\"custom_field_select_option \" >Industria<\/option><option value=\"Entretenimiento\" class=\"custom_field_select_option \" >Entretenimiento<\/option><option value=\"Tecnolog\u00eda\" class=\"custom_field_select_option \" >Tecnolog\u00eda<\/option><option value=\"Inmobiliario\" class=\"custom_field_select_option \" >Inmobiliario<\/option>\n\t\t\t\t<\/select><\/li><li class=\"wppb-form-field wppb-number\" id=\"wppb-form-element-23\">\n\t\t\t\t<label for=\"antiguedad\">A\u00f1os de antiguedad<\/label>\n\t\t\t\t<input class=\"extra_field_number \" name=\"antiguedad\" maxlength=\"70\" step=\"any\" type=\"number\" min=\"0\" max=\"\" id=\"antiguedad\" value=\"\" \/><\/li><li class=\"wppb-form-field wppb-textarea\" id=\"wppb-form-element-28\">\n\t\t\t\t<label for=\"servicios\">Oferta de Servicios<\/label>\n\t\t\t\t<textarea rows=\"8\" name=\"servicios\" maxlength=\"900\" class=\"custom_field_textarea \" id=\"servicios\" wrap=\"virtual\" ><\/textarea><\/li><li class=\"wppb-form-field wppb-input\" id=\"wppb-form-element-22\">\n\t\t\t\t<label for=\"direccion\">Direcci\u00f3n<\/label>\n\t\t\t\t<input class=\"extra_field_input \" name=\"direccion\" maxlength=\"250\" type=\"text\" id=\"direccion\" value=\"\" \/><\/li><li class=\"wppb-form-field wppb-input\" id=\"wppb-form-element-21\">\n\t\t\t\t<label for=\"ciudad\">Ciudad<\/label>\n\t\t\t\t<input class=\"extra_field_input \" name=\"ciudad\" maxlength=\"250\" type=\"text\" id=\"ciudad\" value=\"\" \/><\/li><li class=\"wppb-form-field wppb-map\" id=\"wppb-form-element-32\"><label for=\"ubicacion\">Ubicaci\u00f3n<\/label><input style=\"left: -99999px\" type=\"text\" id=\"ubicacion-search-box\" class=\"wppb-map-search-box\" placeholder=\"Search Location\" \/><div id=\"ubicacion\" class=\"wppb-map-container\" style=\"height: 400px;\" data-editable=\"1\" data-default-zoom=\"14\" data-default-lat=\"3.374198\" data-default-lng=\"-76.539064\" ><\/div><span class=\"wppb-description-delimiter\">Ubica tu empresa en el mapa para mostrarlo en tu p\u00e1gina de perfil<\/span><\/li><li class=\"wppb-form-field wppb-repeater\" id=\"wppb-form-element-37\" data-wppb-rpf-meta-name=\"wppb_repeater_field_37\" data-wppb-rpf-limit=\"4\" data-wppb-rpf-limit-rules='' data-wppb-rpf-pms-role-subscription-ids='' data-wppb-rpf-general-limit='4' data-wppb-rpf-remove-group-message=\"Are you sure you want to delete this?\" ><input id=\"wppb_repeater_field_37_extra_groups_count\" name=\"wppb_repeater_field_37_extra_groups_count\" class=\"wppb-rpf-extra-groups-count\" type=\"hidden\" value=0 ><div id=\"wppb_repeater_field_37-limit-reached-popup\" class=\"wppb-rpf-overlay\"><div class=\"wppb-rpf-popup\"><a class=\"wppb-rpf-close\">&times;<\/a>El n\u00famero maximo de fotos ha sido alcanzado.<\/div><\/div><ul class=\"wppb-rpf-group wppb-rpf-singular-set wppb-rpf-name-wppb_repeater_field_37\"  id=\"wppb-rpf-set-wppb_repeater_field_37_template\" data-wppb-rpf-set=\"template\" data-wppb-rpf-set-order=\"template\" ><li class=\"wppb-rpf-action-wrap\"><span class=\"wppb-rpf-action wppb-rpf-remove\">&times;<\/span><span class=\"wppb-rpf-action wppb-rpf-add\">+<\/span><\/li><li class=\"wppb-form-field wppb-upload\" id=\"wppb-form-element-38_0\"><label for=\"galeria_emp_0\">Im\u00e1gen para galer\u00eda<\/label><a href=\"#\" class=\"button wppb_upload_button\" id=\"upload_galeria_emp_0_button\"  data-uploader_title=\"Im\u00e1gen para galer\u00eda\" data-uploader_button_text=\"Seleccionar archivo\" data-upload_mn=\"galeria_emp_0\" data-upload_input=\"galeria_emp_0\" data-multiple_upload=\"false\">Subir<\/a><input id=\"galeria_emp_0\" type=\"hidden\" size=\"36\" name=\"galeria_emp_0\" value=\"\"\/><\/li><\/ul><ul class=\"wppb-rpf-group wppb-rpf-singular-set wppb-rpf-name-wppb_repeater_field_37\"  id=\"wppb-rpf-set-wppb_repeater_field_37_0\" data-wppb-rpf-set=\"0\" data-wppb-rpf-set-order=\"0\" ><li class=\"wppb-rpf-action-wrap\"><span class=\"wppb-rpf-action wppb-rpf-remove\">&times;<\/span><span class=\"wppb-rpf-action wppb-rpf-add\">+<\/span><\/li><li class=\"wppb-form-field wppb-upload\" id=\"wppb-form-element-38\"><label for=\"galeria_emp\">Im\u00e1gen para galer\u00eda<\/label><a href=\"#\" class=\"button wppb_upload_button\" id=\"upload_galeria_emp_button\"  data-uploader_title=\"Im\u00e1gen para galer\u00eda\" data-uploader_button_text=\"Seleccionar archivo\" data-upload_mn=\"galeria_emp\" data-upload_input=\"galeria_emp\" data-multiple_upload=\"false\">Subir<\/a><input id=\"galeria_emp\" type=\"hidden\" size=\"36\" name=\"galeria_emp\" value=\"\"\/><\/li><\/ul><\/li><\/ul><\/li><li class=\"wppb-msf-step\" style=\"display: none;\"><ul style=\"margin: 0;\"><li class=\"wppb-form-field wppb-default-contact-info-heading\" id=\"wppb-form-element-7\"><h4>Informaci\u00f3n de Contacto<\/h4><span class=\"wppb-description-delimiter \"><\/span><\/li><li class=\"wppb-form-field wppb-input\" id=\"wppb-form-element-25\">\n\t\t\t\t<label for=\"persona_contacto\">Persona de contacto<span class=\"wppb-required\" title=\"Campo requerido\">*<\/span><\/label>\n\t\t\t\t<input class=\"extra_field_input \" name=\"persona_contacto\" maxlength=\"250\" type=\"text\" id=\"persona_contacto\" value=\"\" \/><\/li><li class=\"wppb-form-field wppb-input\" id=\"wppb-form-element-24\">\n\t\t\t\t<label for=\"telefono\">Tel\u00e9fono<span class=\"wppb-required\" title=\"Campo requerido\">*<\/span><\/label>\n\t\t\t\t<input class=\"extra_field_input \" name=\"telefono\" maxlength=\"250\" type=\"text\" id=\"telefono\" value=\"\" \/><\/li><li class=\"wppb-form-field wppb-input\" id=\"wppb-form-element-26\">\n\t\t\t\t<label for=\"celular_contacto\">Celular de contacto<span class=\"wppb-required\" title=\"Campo requerido\">*<\/span><\/label>\n\t\t\t\t<input class=\"extra_field_input \" name=\"celular_contacto\" maxlength=\"250\" type=\"text\" id=\"celular_contacto\" value=\"\" \/><\/li><li class=\"wppb-form-field wppb-input\" id=\"wppb-form-element-31\">\n\t\t\t\t<label for=\"whatsapp\">Whatsapp<span class=\"wppb-required\" title=\"Campo requerido\">*<\/span><\/label>\n\t\t\t\t<input class=\"extra_field_input \" name=\"whatsapp\" maxlength=\"250\" type=\"text\" id=\"whatsapp\" value=\"\" \/><\/li><li class=\"wppb-form-field wppb-default-e-mail\" id=\"wppb-form-element-8\">\n\t\t\t<label for=\"email\">E-mail<span class=\"wppb-required\" title=\"Campo requerido\">*<\/span><\/label>\n\t\t\t<input class=\"text-input default_field_email \" name=\"email\" maxlength=\"70\" type=\"email\" id=\"email\" value=\"\"   \/><\/li><li class=\"wppb-form-field wppb-default-website\" id=\"wppb-form-element-9\">\n\t\t\t<label for=\"website\">Sitio Web<\/label>\n\t\t\t<input class=\"text-input default_field_website \" name=\"website\" maxlength=\"70\" type=\"text\" id=\"website\" value=\"\" \/><\/li><li class=\"wppb-form-field wppb-input\" id=\"wppb-form-element-33\">\n\t\t\t\t<label for=\"instagram\">Instagram<\/label>\n\t\t\t\t<input class=\"extra_field_input \" name=\"instagram\" maxlength=\"250\" type=\"text\" id=\"instagram\" value=\"\" \/><\/li><li class=\"wppb-form-field wppb-input\" id=\"wppb-form-element-34\">\n\t\t\t\t<label for=\"facebook\">Facebook<\/label>\n\t\t\t\t<input class=\"extra_field_input \" name=\"facebook\" maxlength=\"250\" type=\"text\" id=\"facebook\" value=\"\" \/><\/li><li class=\"wppb-form-field wppb-input\" id=\"wppb-form-element-35\">\n\t\t\t\t<label for=\"twitter\">Twitter<\/label>\n\t\t\t\t<input class=\"extra_field_input \" name=\"twitter\" maxlength=\"250\" type=\"text\" id=\"twitter\" value=\"\" \/><\/li><\/ul><\/li><li class=\"wppb-msf-step\" style=\"display: none;\"><ul style=\"margin: 0;\"><li class=\"wppb-form-field wppb-heading\" id=\"wppb-form-element-30\"><h4 class=\"extra_field_heading\">Informaci\u00f3n de la Cuenta<\/h4><span class=\"wppb-description-delimiter\"><\/span><\/li><li class=\"wppb-form-field wppb-default-password\" id=\"wppb-form-element-15\">\n\t\t\t<label for=\"passw1\">Contrase\u00f1a<span class=\"wppb-required\" title=\"Campo requerido\">*<\/span><\/label>\n\t\t\t<input class=\"text-input \" name=\"passw1\" maxlength=\"70\" type=\"password\" id=\"passw1\" value=\"\" autocomplete=\"off\" \/><span class=\"wppb-description-delimiter\">Escriba su contrase\u00f1a.  <\/span><\/li><li class=\"wppb-form-field wppb-default-repeat-password\" id=\"wppb-form-element-16\">\n\t\t\t<label for=\"passw2\">Repetir contrase\u00f1a<span class=\"wppb-required\" title=\"Campo requerido\">*<\/span><\/label>\n\t\t\t<input class=\"text-input \" name=\"passw2\" maxlength=\"70\" type=\"password\" id=\"passw2\" value=\"\" autocomplete=\"off\" \/><span class=\"wppb-description-delimiter\">Escriba su contrase\u00f1a nuevamente.<\/span><\/li><li class=\"wppb-form-field wppb-gdpr-checkbox wppb-checkbox\" id=\"wppb-form-element-36\">\n\t\t\t\t<label for=\"user_consent_gdpr\">\n\t\t\t\t<input value=\"agree\" name=\"user_consent_gdpr\" id=\"user_consent_gdpr\" type=\"checkbox\" class=\"custom_field_gdpr\"   \/><span>Acepto la <a href=\"https:\/\/www.canaverales.edu.co\/directorio\/wp-content\/uploads\/2018\/10\/POLI%CC%81TICA-DE-TRATAMIENTO-DE-DATOS-PERSONALES.pdf\" target=\"__blank\">pol\u00edtica de tratamiento de datos personales<\/a> y los <a href=\"https:\/\/www.canaverales.edu.co\/directorio\/terminos-y-condiciones\/\">t\u00e9rminos y condiciones<\/a><span class=\"wppb-required\" title=\"Campo requerido\">*<\/span><\/span><\/label><\/li><\/ul><\/li><li class=\"wppb-msf-step-commands\"><input type=\"button\" class=\"wppb-msf-button wppb-msf-prev\" style=\"float: left; padding: 8px 15px;\" value=\"Anterior\" disabled><input type=\"button\" class=\"wppb-msf-button wppb-msf-next\" style=\"float: right; padding: 8px 15px;\" value=\"Siguiente\"><span id=\"wppb-msf-pagination\"><\/span><\/li><\/ul><ul style=\"display: none;\"><li class=\"wppb-form-field wppb-send-credentials-checkbox\"><label for=\"send_credentials_via_email\"><input id=\"send_credentials_via_email\" type=\"checkbox\" name=\"send_credentials_via_email\" value=\"sending\"\/>Enviar estas credenciales via email.<\/label><\/li><\/ul>\t\t\t<p class=\"form-submit\" style=\"display: none;\" data-wppb-msf=\"yes\" >\n\t\t\t\t                \t\t\t\t<input name=\"register\" type=\"submit\" id=\"register\" class=\"submit button\" value=\"Registrar\" \/>\n                <input name=\"redirect_to\" type=\"hidden\" value=\"https:\/\/www.canaverales.edu.co\/directorio\/registro-exitoso\/\" \/>\n                \t\t\t\t<input name=\"action\" type=\"hidden\" id=\"action\" value=\"register\" \/>\n\t\t\t\t<input name=\"form_name\" type=\"hidden\" id=\"form_name\" value=\"registro-empresas\" \/>\n\t\t\t\t<input name=\"form_id\" type=\"hidden\" id=\"form_id\" value=\"11\" \/>\n\t\t\t\t\t\t\t<\/p><!-- .form-submit -->\n\t\t\t<input type=\"hidden\" id=\"register_registro-empresas_nonce_field\" name=\"register_registro-empresas_nonce_field\" value=\"26de6ec667\" \/><input type=\"hidden\" name=\"_wp_http_referer\" value=\"\/directorio\/wp-json\/wp\/v2\/pages\/17\" \/>\t\t<\/form>\n\t\t\n","protected":false},"excerpt":{"rendered":"<p>Registro \u00a1Reg\u00edstrate gratis en Sinergy: Directorio Comercial Ca\u00f1averales! Ingresa los siguientes datos, el equipo de soporte del Colegio se encargar\u00e1 de validar la oferta de servicios conforme los principios y valores del Colegio. Ver T\u00e9rminos y Condiciones. Paso a Paso Diligencia el formulario de registro. Acepta la pol\u00edtica de tratamiento de datos y los t\u00e9rminos&hellip;<\/p>\n","protected":false},"author":1,"featured_media":0,"parent":0,"menu_order":0,"comment_status":"closed","ping_status":"closed","template":"","meta":{"footnotes":""},"class_list":["post-17","page","type-page","status-publish","hentry"],"_links":{"self":[{"href":"https:\/\/www.canaverales.edu.co\/directorio\/wp-json\/wp\/v2\/pages\/17","targetHints":{"allow":["GET"]}}],"collection":[{"href":"https:\/\/www.canaverales.edu.co\/directorio\/wp-json\/wp\/v2\/pages"}],"about":[{"href":"https:\/\/www.canaverales.edu.co\/directorio\/wp-json\/wp\/v2\/types\/page"}],"author":[{"embeddable":true,"href":"https:\/\/www.canaverales.edu.co\/directorio\/wp-json\/wp\/v2\/users\/1"}],"replies":[{"embeddable":true,"href":"https:\/\/www.canaverales.edu.co\/directorio\/wp-json\/wp\/v2\/comments?post=17"}],"version-history":[{"count":1,"href":"https:\/\/www.canaverales.edu.co\/directorio\/wp-json\/wp\/v2\/pages\/17\/revisions"}],"predecessor-version":[{"id":302,"href":"https:\/\/www.canaverales.edu.co\/directorio\/wp-json\/wp\/v2\/pages\/17\/revisions\/302"}],"wp:attachment":[{"href":"https:\/\/www.canaverales.edu.co\/directorio\/wp-json\/wp\/v2\/media?parent=17"}],"curies":[{"name":"wp","href":"https:\/\/api.w.org\/{rel}","templated":true}]}}