{"id":46,"date":"2018-06-19T14:48:18","date_gmt":"2018-06-19T14:48:18","guid":{"rendered":"https:\/\/canaverales.edu.co\/directorio_empresas\/?page_id=46"},"modified":"2021-05-27T15:09:08","modified_gmt":"2021-05-27T15:09:08","slug":"inicio","status":"publish","type":"page","link":"https:\/\/www.canaverales.edu.co\/directorio\/","title":{"rendered":"Inicio"},"content":{"rendered":"<p>\t\t\t<img decoding=\"async\" src=\"https:\/\/www.canaverales.edu.co\/directorio\/wp-content\/uploads\/2020\/04\/Img_slide_sinergy.jpg\" alt=\"\" \/>\t\t\t<\/p>\n<p>&nbsp;<\/p>\n<p><img loading=\"lazy\" decoding=\"async\" src=\"wp-content\/uploads\/2020\/04\/texto-2-300x103.png\" alt=\"\" width=\"326\" height=\"112\" \/><\/p>\n<p>Sinergy es una plataforma de Networking exclusiva para miembros de la comunidad educativa de Ca\u00f1averales International School. Aqu\u00ed encontrar\u00e1s grandes ideas y excelentes profesionales y emprendedores con los que puedes trabajar, crear oportunidades de negocio, compartir informaci\u00f3n y buscar contactos de potencial inter\u00e9s para incrementar tu crecimiento a nivel empresarial. <a href=\"https:\/\/www.youtube.com\/watch?v=Mq-N57EnyRU\" target=\"_blank\" rel=\"noopener\"><strong>Ver tutorial de registro\u00a0<\/strong><\/a><\/p>\n<h2>Liderazgo<\/h2>\n<p>\t\t\t\t<img loading=\"lazy\" decoding=\"async\" src=\"https:\/\/www.canaverales.edu.co\/directorio\/wp-content\/uploads\/2020\/04\/img-circulos-4-150x150.png\" alt=\"img circulos (4)\" itemprop=\"image\" height=\"150\" width=\"150\" title=\"img circulos (4)\" onerror=\"this.style.display='none'\"  \/><\/p>\n<h2>Interacci\u00f3n<\/h2>\n<p>\t\t\t\t<img loading=\"lazy\" decoding=\"async\" src=\"https:\/\/www.canaverales.edu.co\/directorio\/wp-content\/uploads\/2020\/04\/img-circulos-3-150x150.png\" alt=\"img circulos (3)\" itemprop=\"image\" height=\"150\" width=\"150\" title=\"img circulos (3)\" onerror=\"this.style.display='none'\"  \/><\/p>\n<h2>Colaboraci\u00f3n<\/h2>\n<p>\t\t\t\t<img loading=\"lazy\" decoding=\"async\" src=\"https:\/\/www.canaverales.edu.co\/directorio\/wp-content\/uploads\/2020\/04\/img-circulos-1-150x150.png\" alt=\"img circulos (1)\" itemprop=\"image\" height=\"150\" width=\"150\" title=\"img circulos (1)\" onerror=\"this.style.display='none'\"  \/><\/p>\n<h2>Confianza<\/h2>\n<p>\t\t\t\t<img loading=\"lazy\" decoding=\"async\" src=\"https:\/\/www.canaverales.edu.co\/directorio\/wp-content\/uploads\/2020\/04\/img-circulos-2-150x150.png\" alt=\"img circulos (2)\" itemprop=\"image\" height=\"150\" width=\"150\" title=\"img circulos (2)\" onerror=\"this.style.display='none'\"  \/><\/p>\n<p>A trav\u00e9s del Directorio Comercial Ca\u00f1averales, se podr\u00e1 publicar informaci\u00f3n sobre sus empresas y servicios: logos, datos de contacto, ubicaci\u00f3n en mapas, cargar fotograf\u00edas e insertar informaci\u00f3n sobre la oferta de productos y servicios.<\/p>\n<p>El Directorio Comercial Ca\u00f1averales es una herramienta creada por el Colegio, para dar a conocer los negocios de los empresarios de su comunidad educativa y promover sus servicios y ofertas. De esta manera, padres de familia, egresados y colaboradores, profesionales y emprendedores tienen la posibilidad de crecer y fortalecerse.<\/p>\n<h2><strong>\u00a1Reg\u00edstrate y sigue construyendo tu sue\u00f1o en comunidad!<\/strong><\/h2>\n<h1><strong>Con Sinergy Podr\u00e1s&#8230;<\/strong><\/h1>\n<h3>\nConstruir relaciones profesionales y empresariales.<\/h3>\n<h3>\nGenerar oportunidades de negocio.<\/h3>\n<h3>\nPropiciar la colaboraci\u00f3n y ayuda mutua.<\/h3>\n<h3>\nEstablecer nuevos contactos y alianzas.<\/h3>\n<h3>\nIntercambiar bienes y servicios.<\/h3>\n<h3>\nGenerar cooperaci\u00f3n para desarrollar proyectos.<\/h3>\n<h1>Sectores<\/h1>\n<h3>Servicios<\/h3>\n<p>\t\t\t\t<img loading=\"lazy\" decoding=\"async\" src=\"https:\/\/www.canaverales.edu.co\/directorio\/wp-content\/uploads\/2020\/04\/Servicios-150x150.png\" alt=\"Servicios\" itemprop=\"image\" height=\"150\" width=\"150\" title=\"Servicios\" onerror=\"this.style.display='none'\"  \/><\/p>\n<h3>Industria<\/h3>\n<p>\t\t\t\t<img loading=\"lazy\" decoding=\"async\" src=\"https:\/\/www.canaverales.edu.co\/directorio\/wp-content\/uploads\/2020\/04\/Industria-150x150.png\" alt=\"Industria\" itemprop=\"image\" height=\"150\" width=\"150\" title=\"Industria\" onerror=\"this.style.display='none'\"  \/><\/p>\n<h3>Tecnolog\u00eda<\/h3>\n<p>\t\t\t\t<img loading=\"lazy\" decoding=\"async\" src=\"https:\/\/www.canaverales.edu.co\/directorio\/wp-content\/uploads\/2020\/04\/Entretenimiento-150x150.png\" alt=\"Entretenimiento\" itemprop=\"image\" height=\"150\" width=\"150\" title=\"Entretenimiento\" onerror=\"this.style.display='none'\"  \/><\/p>\n<h3>Alimentaci\u00f3n<\/h3>\n<p>\t\t\t\t<img loading=\"lazy\" decoding=\"async\" src=\"https:\/\/www.canaverales.edu.co\/directorio\/wp-content\/uploads\/2020\/04\/Alimentaci\u00f3n-150x150.png\" alt=\"Alimentaci\u00f3n\" itemprop=\"image\" height=\"150\" width=\"150\" title=\"Alimentaci\u00f3n\" onerror=\"this.style.display='none'\"  \/><\/p>\n<h3>Moda<\/h3>\n<p>\t\t\t\t<img loading=\"lazy\" decoding=\"async\" src=\"https:\/\/www.canaverales.edu.co\/directorio\/wp-content\/uploads\/2020\/04\/Moda-150x150.png\" alt=\"Moda\" itemprop=\"image\" height=\"150\" width=\"150\" title=\"Moda\" onerror=\"this.style.display='none'\"  \/><\/p>\n<h3>Bienestar<\/h3>\n<p>\t\t\t\t<img loading=\"lazy\" decoding=\"async\" src=\"https:\/\/www.canaverales.edu.co\/directorio\/wp-content\/uploads\/2020\/04\/Salud-y-bienestar-150x150.png\" alt=\"Salud-y-bienestar\" itemprop=\"image\" height=\"150\" width=\"150\" title=\"Salud-y-bienestar\" onerror=\"this.style.display='none'\"  \/><\/p>\n<h3>Transporte<\/h3>\n<p>\t\t\t\t<img loading=\"lazy\" decoding=\"async\" src=\"https:\/\/www.canaverales.edu.co\/directorio\/wp-content\/uploads\/2020\/04\/Transporte-150x150.png\" alt=\"Transporte\" itemprop=\"image\" height=\"150\" width=\"150\" title=\"Transporte\" onerror=\"this.style.display='none'\"  \/><\/p>\n<h3>Educaci\u00f3n<\/h3>\n<p>\t\t\t\t<img loading=\"lazy\" decoding=\"async\" src=\"https:\/\/www.canaverales.edu.co\/directorio\/wp-content\/uploads\/2020\/04\/Educaci\u00f3n-y-cultura-150x150.png\" alt=\"Educaci\u00f3n y cultura\" itemprop=\"image\" height=\"150\" width=\"150\" title=\"Educaci\u00f3n y cultura\" onerror=\"this.style.display='none'\"  \/><br \/>\n\t\t\t\t<img loading=\"lazy\" decoding=\"async\" src=\"https:\/\/www.canaverales.edu.co\/directorio\/wp-content\/uploads\/2020\/04\/Img_inspires.png\" alt=\"Img_inspires\" itemprop=\"image\" height=\"105\" width=\"1000\" title=\"Img_inspires\" onerror=\"this.style.display='none'\"  \/><\/p>\n<h3><strong><em>Sobre el Networking:<\/em><\/strong><\/h3>\n<h3><em>\u00abMuchos profesionales aseguran que el Networking es un m\u00e9todo m\u00e1s efectivo para generar oportunidades de negocio que la publicidad o las relaciones p\u00fablicas. <\/em><\/h3>\n<h3><em>Esto se debe a que se trata de una actividad de bajo costo que implica una relaci\u00f3n m\u00e1s personal y cualitativa, por encima de los esfuerzos cuantitativos.\u00bb<\/em><\/h3>\n<p><strong>Poli\u0301tica de tratamiento de datos personales<\/strong><\/p>\n<p>Conoce la pol\u00edtica de tratamiento de datos personales Ca\u00f1averales International School<\/p>\n<p>\t\t\t<a href=\"https:\/\/www.canaverales.edu.co\/directorio\/wp-content\/uploads\/2018\/10\/POLI\u0301TICA-DE-TRATAMIENTO-DE-DATOS-PERSONALES.pdf\" target=\"_blank\" role=\"button\" rel=\"noopener\" ><br \/>\n\t\t\t\t\t\t\tDescargar PDF<br \/>\n\t\t\t\t\t<\/a><\/p>\n<p><a href=\"https:\/\/www.canaverales.edu.co\/directorio\/terminos-y-condiciones\/\" target=\"_blank\" rel=\"noopener\"><strong>T\u00e9rminos y Condiciones<\/strong><\/a><\/p>\n<p>DATOS DE <strong>CONTACTO<\/strong><\/p>\n<h3>\nCelular<\/h3>\n<p> (+57) 312 299 7214<\/p>\n<h3>\nCorreo<\/h3>\n<p>sinergy@canaverales.edu.co<\/p>\n<h3>\nDirecci\u00f3n<\/h3>\n<p>Carrera 29 #10-500 Arroyohondo<br \/>\nkm 1 V\u00eda a Dapa<\/p>\n<p>\t<iframe src=\"https:\/\/www.google.com\/maps\/embed\/v1\/place?key=AIzaSyD09zQ9PNDNNy9TadMuzRV_UsPUoWKntt8&#038;q=Cra+29+10%23500\"><\/iframe><\/p>\n","protected":false},"excerpt":{"rendered":"<p>&nbsp; Sinergy es una plataforma de Networking exclusiva para miembros de la comunidad educativa de Ca\u00f1averales International School. Aqu\u00ed encontrar\u00e1s grandes ideas y excelentes profesionales y emprendedores con los que puedes trabajar, crear oportunidades de negocio, compartir informaci\u00f3n y buscar contactos de potencial inter\u00e9s para incrementar tu crecimiento a nivel empresarial. Ver tutorial de registro\u00a0&hellip;<\/p>\n","protected":false},"author":16,"featured_media":0,"parent":0,"menu_order":0,"comment_status":"closed","ping_status":"closed","template":"","meta":{"footnotes":""},"class_list":["post-46","page","type-page","status-publish","hentry"],"_links":{"self":[{"href":"https:\/\/www.canaverales.edu.co\/directorio\/wp-json\/wp\/v2\/pages\/46","targetHints":{"allow":["GET"]}}],"collection":[{"href":"https:\/\/www.canaverales.edu.co\/directorio\/wp-json\/wp\/v2\/pages"}],"about":[{"href":"https:\/\/www.canaverales.edu.co\/directorio\/wp-json\/wp\/v2\/types\/page"}],"author":[{"embeddable":true,"href":"https:\/\/www.canaverales.edu.co\/directorio\/wp-json\/wp\/v2\/users\/16"}],"replies":[{"embeddable":true,"href":"https:\/\/www.canaverales.edu.co\/directorio\/wp-json\/wp\/v2\/comments?post=46"}],"version-history":[{"count":45,"href":"https:\/\/www.canaverales.edu.co\/directorio\/wp-json\/wp\/v2\/pages\/46\/revisions"}],"predecessor-version":[{"id":421,"href":"https:\/\/www.canaverales.edu.co\/directorio\/wp-json\/wp\/v2\/pages\/46\/revisions\/421"}],"wp:attachment":[{"href":"https:\/\/www.canaverales.edu.co\/directorio\/wp-json\/wp\/v2\/media?parent=46"}],"curies":[{"name":"wp","href":"https:\/\/api.w.org\/{rel}","templated":true}]}}